{"id":235378,"date":"2023-07-13T14:51:48","date_gmt":"2023-07-13T18:51:48","guid":{"rendered":"https:\/\/dev.eascarpenterstech.edu\/?page_id=235378"},"modified":"2025-01-29T12:11:40","modified_gmt":"2025-01-29T17:11:40","slug":"about-our-apprenticeship","status":"publish","type":"page","link":"https:\/\/dev.eascarpenterstech.edu\/es\/about-our-apprenticeship\/","title":{"rendered":"Acerca de nuestro aprendizaje"},"content":{"rendered":"<p>[et_pb_section fb_built=&#8221;1&#8243; _builder_version=&#8221;4.22.0&#8243; _module_preset=&#8221;default&#8221; use_background_color_gradient=&#8221;on&#8221; background_color_gradient_stops=&#8221;rgba(0,32,91,0.5) 0%|rgba(0,32,91,0.5) 100%&#8221; background_color_gradient_overlays_image=&#8221;on&#8221; background_image=&#8221;https:\/\/dev.eascarpenterstech.edu\/wp-content\/uploads\/2022\/07\/IMG_3880-2.jpg&#8221; background_position=&#8221;top_center&#8221; background_vertical_offset=&#8221;33%&#8221; custom_padding=&#8221;100px||100px||true|false&#8221; locked=&#8221;off&#8221; global_colors_info=&#8221;{}&#8221;][et_pb_row _builder_version=&#8221;4.19.5&#8243; _module_preset=&#8221;default&#8221; global_colors_info=&#8221;{}&#8221;][et_pb_column type=&#8221;4_4&#8243; _builder_version=&#8221;4.19.5&#8243; _module_preset=&#8221;default&#8221; global_colors_info=&#8221;{}&#8221;][et_pb_text quote_border_color=&#8221;#d31245&#8243; _builder_version=&#8221;4.19.5&#8243; _module_preset=&#8221;default&#8221; quote_text_color=&#8221;RGBA(255,255,255,0)&#8221; header_font=&#8221;Open Sans|700|||||||&#8221; header_text_color=&#8221;#FFFFFF&#8221; header_font_size=&#8221;72px&#8221; width=&#8221;80%&#8221; width_tablet=&#8221;50%&#8221; width_phone=&#8221;100%&#8221; width_last_edited=&#8221;on|phone&#8221; header_text_align_tablet=&#8221;&#8221; header_text_align_phone=&#8221;center&#8221; header_text_align_last_edited=&#8221;on|phone&#8221; header_font_size_tablet=&#8221;72px&#8221; header_font_size_phone=&#8221;55px&#8221; header_font_size_last_edited=&#8221;on|phone&#8221; global_colors_info=&#8221;{}&#8221;]<\/p>\n<blockquote>\n<h1>ABOUT OUR APPRENTICESHIP<\/h1>\n<\/blockquote>\n<p>[\/et_pb_text][et_pb_text _builder_version=&#8221;4.23&#8243; _module_preset=&#8221;default&#8221; text_text_color=&#8221;#FFFFFF&#8221; width=&#8221;50%&#8221; width_tablet=&#8221;50%&#8221; width_phone=&#8221;100%&#8221; width_last_edited=&#8221;on|phone&#8221; text_orientation_tablet=&#8221;&#8221; text_orientation_phone=&#8221;center&#8221; text_orientation_last_edited=&#8221;on|phone&#8221; global_colors_info=&#8221;{}&#8221;]<\/p>\n<p>Welcome to Eastern Atlantic States Carpenters Technical Centers (EASCTC), established over 70 years ago through the Department of Labor in 1945. With a rich history in training carpenters and builders, our four-year apprenticeship programs provide a comprehensive blend of classroom instruction and on-the-job training. Apprentices will gain hands-on experience and receive expert guidance as they develop skills across various trades, including machining, framing, finishing, cabinetry, and trim work.<\/p>\n<p>[\/et_pb_text][\/et_pb_column][\/et_pb_row][\/et_pb_section][et_pb_section fb_built=&#8221;1&#8243; admin_label=&#8221;Services&#8221; _builder_version=&#8221;4.19.5&#8243; custom_padding=&#8221;||||false|false&#8221; global_colors_info=&#8221;{}&#8221;][et_pb_row _builder_version=&#8221;4.19.5&#8243; _module_preset=&#8221;default&#8221; locked=&#8221;off&#8221; global_colors_info=&#8221;{}&#8221;][et_pb_column type=&#8221;4_4&#8243; _builder_version=&#8221;4.19.5&#8243; _module_preset=&#8221;default&#8221; global_colors_info=&#8221;{}&#8221;][et_pb_text admin_label=&#8221;Statistics Section Title&#8221; _builder_version=&#8221;4.19.5&#8243; header_font=&#8221;Open Sans||||||||&#8221; header_text_align=&#8221;center&#8221; header_text_color=&#8221;#3f3f3f&#8221; header_font_size=&#8221;36px&#8221; header_line_height=&#8221;1.2em&#8221; text_orientation=&#8221;center&#8221; module_alignment=&#8221;center&#8221; custom_padding=&#8221;||||false|false&#8221; animation_style=&#8221;fold&#8221; animation_direction=&#8221;bottom&#8221; animation_intensity_fold=&#8221;20%&#8221; global_colors_info=&#8221;{}&#8221;]<\/p>\n<h1>Apprenticeship Programs for Industry-Ready Training and Credentials<\/h1>\n<p>[\/et_pb_text][\/et_pb_column][\/et_pb_row][et_pb_row column_structure=&#8221;1_2,1_2&#8243; _builder_version=&#8221;4.19.5&#8243; _module_preset=&#8221;default&#8221; custom_padding=&#8221;0px||||false|false&#8221; locked=&#8221;off&#8221; global_colors_info=&#8221;{}&#8221;][et_pb_column type=&#8221;1_2&#8243; _builder_version=&#8221;4.19.5&#8243; _module_preset=&#8221;default&#8221; global_colors_info=&#8221;{}&#8221;][et_pb_text admin_label=&#8221;About Section Text&#8221; _builder_version=&#8221;4.19.5&#8243; background_size=&#8221;initial&#8221; background_position=&#8221;top_left&#8221; background_repeat=&#8221;repeat&#8221; text_orientation_tablet=&#8221;&#8221; text_orientation_phone=&#8221;center&#8221; text_orientation_last_edited=&#8221;on|phone&#8221; global_colors_info=&#8221;{}&#8221;]<\/p>\n<p>At EASCTC, we offer apprenticeship programs that provide professional training to individuals seeking to gain valuable experience and credentials in the industry. Through our apprenticeship programs, students learn from experienced professionals, develop practical skills, and earn industry-recognized certifications that prepare them for success in the workforce.<\/p>\n<p>Our four-year apprenticeship programs at EASCTC offer a unique blend of classroom instruction and on-the-job training. Through a combination of hands-on experience and classroom learning, apprentices have the opportunity to work alongside experienced professionals, honing their skills in various aspects of their trade. From mastering machining techniques to becoming proficient in framing, finishing, cabinetry, and trim work, our apprentices gain comprehensive expertise in all facets of their respective trades.<\/p>\n<p>[\/et_pb_text][\/et_pb_column][et_pb_column type=&#8221;1_2&#8243; _builder_version=&#8221;4.19.2&#8243; _module_preset=&#8221;default&#8221; global_colors_info=&#8221;{}&#8221;][et_pb_text admin_label=&#8221;About Section Text&#8221; _builder_version=&#8221;4.19.5&#8243; background_size=&#8221;initial&#8221; background_position=&#8221;top_left&#8221; background_repeat=&#8221;repeat&#8221; text_orientation_tablet=&#8221;&#8221; text_orientation_phone=&#8221;center&#8221; text_orientation_last_edited=&#8221;on|phone&#8221; global_colors_info=&#8221;{}&#8221;]<\/p>\n<p>We prioritize the holistic education of our apprentices, ensuring their readiness for enduring success in the industry. With a focus on safety, quality, and professionalism, we impart these foundational values to all our apprentices. Our state-of-the-art training facility is equipped with cutting-edge tools and technologies, while our courses are led by industry professionals who offer real-world expertise and mentorship to apprentices.<\/p>\n<p>Choosing EASCTC for apprenticeship provides distinct advantages over traditional college routes. Our program offers a practical and well-defined pathway to success in the industry, emphasizing hands-on training and practical skills. With a unique blend of classroom instruction, shop training, and on-site experience, apprentices have the opportunity to earn while they learn, receiving competitive wages while acquiring real-world skills from industry professionals.\u00a0<\/p>\n<p>[\/et_pb_text][\/et_pb_column][\/et_pb_row][\/et_pb_section][et_pb_section fb_built=&#8221;1&#8243; admin_label=&#8221;Split Section&#8221; _builder_version=&#8221;4.16&#8243; custom_padding=&#8221;0px||0px|&#8221; animation_style=&#8221;fold&#8221; animation_direction=&#8221;bottom&#8221; animation_intensity_fold=&#8221;4%&#8221; global_colors_info=&#8221;{}&#8221;][et_pb_row column_structure=&#8221;1_2,1_2&#8243; use_custom_gutter=&#8221;on&#8221; gutter_width=&#8221;1&#8243; make_equal=&#8221;on&#8221; module_class=&#8221; et_pb_row_fullwidth&#8221; _builder_version=&#8221;4.22.0&#8243; background_size=&#8221;initial&#8221; background_position=&#8221;top_left&#8221; background_repeat=&#8221;repeat&#8221; width=&#8221;100%&#8221; width_tablet=&#8221;100%&#8221; width_phone=&#8221;100%&#8221; width_last_edited=&#8221;on|desktop&#8221; max_width=&#8221;100%&#8221; max_width_tablet=&#8221;100%&#8221; max_width_phone=&#8221;100%&#8221; max_width_last_edited=&#8221;on|desktop&#8221; custom_margin=&#8221;0px||0px|&#8221; custom_padding=&#8221;0px||0px|&#8221; make_fullwidth=&#8221;on&#8221; global_colors_info=&#8221;{}&#8221;][et_pb_column type=&#8221;1_2&#8243; admin_label=&#8221;picture&#8221; _builder_version=&#8221;4.22.0&#8243; use_background_color_gradient=&#8221;on&#8221; background_image=&#8221;https:\/\/dev.eascarpenterstech.edu\/wp-content\/uploads\/2022\/07\/floor-layer.png&#8221; custom_padding=&#8221;|||&#8221; custom_padding_tablet=&#8221;|||&#8221; custom_padding_phone=&#8221;150px||150px||true|false&#8221; custom_padding_last_edited=&#8221;on|phone&#8221; global_colors_info=&#8221;{}&#8221; custom_padding__hover=&#8221;|||&#8221;][\/et_pb_column][et_pb_column type=&#8221;1_2&#8243; admin_label=&#8221;our Goal&#8221; _builder_version=&#8221;4.22.0&#8243; background_color=&#8221;#fafafa&#8221; background_position=&#8221;top_left&#8221; custom_padding=&#8221;5%|6%|5%|6%|true|false&#8221; custom_padding_tablet=&#8221;5%|6%|5%|6%|true|false&#8221; custom_padding_phone=&#8221;15%|6%|15%|6%|true|false&#8221; custom_padding_last_edited=&#8221;on|phone&#8221; global_colors_info=&#8221;{}&#8221; custom_padding__hover=&#8221;|||&#8221;][et_pb_divider color=&#8221;#d31245&#8243; divider_weight=&#8221;3px&#8221; disabled_on=&#8221;off|off|off&#8221; _builder_version=&#8221;4.19.5&#8243; background_color_gradient_direction=&#8221;90deg&#8221; max_width=&#8221;100px&#8221; module_alignment=&#8221;left&#8221; height=&#8221;5px&#8221; custom_margin=&#8221;||20px|&#8221; custom_padding=&#8221;||20px|&#8221; animation_style=&#8221;slide&#8221; animation_direction=&#8221;bottom&#8221; module_alignment_tablet=&#8221;left&#8221; module_alignment_phone=&#8221;center&#8221; module_alignment_last_edited=&#8221;on|phone&#8221; saved_tabs=&#8221;all&#8221; locked=&#8221;off&#8221; global_colors_info=&#8221;{}&#8221;][\/et_pb_divider][et_pb_cta title=&#8221;Our Goal&#8221; button_text=&#8221;Read More&#8221; admin_label=&#8221;Feature 01&#8243; _builder_version=&#8221;4.19.5&#8243; header_font=&#8221;Open Sans||||||||&#8221; header_text_color=&#8221;#3f3f3f&#8221; header_font_size=&#8221;36&#8243; header_line_height=&#8221;1.2em&#8221; body_font_size=&#8221;16&#8243; use_background_color=&#8221;off&#8221; custom_button=&#8221;on&#8221; button_text_size=&#8221;18&#8243; button_text_color=&#8221;#ffffff&#8221; button_bg_color=&#8221;#6eba01&#8243; button_border_color=&#8221;#6eba01&#8243; button_letter_spacing=&#8221;2&#8243; button_font=&#8221;Montserrat|||on|&#8221; button_use_icon=&#8221;off&#8221; text_orientation=&#8221;left&#8221; background_layout=&#8221;light&#8221; max_width=&#8221;500px&#8221; module_alignment=&#8221;left&#8221; custom_margin=&#8221;|||&#8221; custom_padding=&#8221;|||&#8221; animation_style=&#8221;fold&#8221; animation_direction=&#8221;bottom&#8221; animation_intensity_fold=&#8221;15%&#8221; header_text_align_tablet=&#8221;&#8221; header_text_align_phone=&#8221;center&#8221; header_text_align_last_edited=&#8221;on|phone&#8221; body_text_align_tablet=&#8221;&#8221; body_text_align_phone=&#8221;center&#8221; body_text_align_last_edited=&#8221;on|phone&#8221; button_text_color_hover=&#8221;#6eba01&#8243; button_border_color_hover=&#8221;#6eba01&#8243; button_border_radius_hover=&#8221;0&#8243; button_letter_spacing_hover=&#8221;2&#8243; button_bg_color_hover=&#8221;rgba(0,0,0,0)&#8221; saved_tabs=&#8221;all&#8221; locked=&#8221;off&#8221; global_colors_info=&#8221;{}&#8221; button_text_size__hover_enabled=&#8221;off&#8221; button_one_text_size__hover_enabled=&#8221;off&#8221; button_two_text_size__hover_enabled=&#8221;off&#8221; button_text_color__hover_enabled=&#8221;on&#8221; button_text_color__hover=&#8221;#6eba01&#8243; button_one_text_color__hover_enabled=&#8221;off&#8221; button_two_text_color__hover_enabled=&#8221;off&#8221; button_border_width__hover_enabled=&#8221;off&#8221; button_one_border_width__hover_enabled=&#8221;off&#8221; button_two_border_width__hover_enabled=&#8221;off&#8221; button_border_color__hover_enabled=&#8221;on&#8221; button_border_color__hover=&#8221;#6eba01&#8243; button_one_border_color__hover_enabled=&#8221;off&#8221; button_two_border_color__hover_enabled=&#8221;off&#8221; button_border_radius__hover_enabled=&#8221;on&#8221; button_border_radius__hover=&#8221;0&#8243; button_one_border_radius__hover_enabled=&#8221;off&#8221; button_two_border_radius__hover_enabled=&#8221;off&#8221; button_letter_spacing__hover_enabled=&#8221;on&#8221; button_letter_spacing__hover=&#8221;2&#8243; button_one_letter_spacing__hover_enabled=&#8221;off&#8221; button_two_letter_spacing__hover_enabled=&#8221;off&#8221; button_bg_color__hover_enabled=&#8221;on&#8221; button_bg_color__hover=&#8221;rgba(0,0,0,0)&#8221; button_one_bg_color__hover_enabled=&#8221;off&#8221; button_two_bg_color__hover_enabled=&#8221;off&#8221;]At EASCTC, our utmost objective is to provide apprentices with a comprehensive education that prepares them for a thriving career in their chosen craft. As a leading institution in the Eastern Atlantic States region, we specialize in delivering state-of-the-art technical training in fields such as Millwrighting, Cabinet making, and Piledriving. With a steadfast commitment to excellence, we strive to nurture the construction leaders of tomorrow by offering unparalleled training opportunities to aspiring carpenters and tradespeople in the Eastern Atlantic States area.<\/p>\n<p>Join us at EASCTC and take the first step toward your future career in carpentry and the construction trade.[\/et_pb_cta][et_pb_button button_url=&#8221;@ET-DC@eyJkeW5hbWljIjp0cnVlLCJjb250ZW50IjoicG9zdF9saW5rX3VybF9wYWdlIiwic2V0dGluZ3MiOnsicG9zdF9pZCI6IjIzNjk5NSJ9fQ==@&#8221; button_text=&#8221;Find a Location to Apply&#8221; button_alignment=&#8221;left&#8221; button_alignment_tablet=&#8221;left&#8221; button_alignment_phone=&#8221;center&#8221; button_alignment_last_edited=&#8221;on|phone&#8221; _builder_version=&#8221;4.27.4&#8243; _module_preset=&#8221;default&#8221; custom_button=&#8221;on&#8221; button_text_size=&#8221;16px&#8221; button_font=&#8221;|600||on|||||&#8221; custom_padding=&#8221;8px|20px|8px|20px|true|true&#8221; hover_enabled=&#8221;0&#8243; locked=&#8221;off&#8221; global_colors_info=&#8221;{}&#8221; _dynamic_attributes=&#8221;button_url&#8221; sticky_enabled=&#8221;0&#8243;][\/et_pb_button][\/et_pb_column][\/et_pb_row][\/et_pb_section]<\/p>\n","protected":false},"excerpt":{"rendered":"<p>Con una rica trayectoria en la formaci\u00f3n de carpinteros y constructores, nuestros programas de aprendizaje de cuatro a\u00f1os ofrecen una combinaci\u00f3n integral de instrucci\u00f3n en el aula y capacitaci\u00f3n en el trabajo.<\/p>","protected":false},"author":35,"featured_media":0,"parent":0,"menu_order":0,"comment_status":"closed","ping_status":"closed","template":"","meta":{"_acf_changed":false,"_et_pb_use_builder":"on","_et_pb_old_content":"","_et_gb_content_width":"","footnotes":""},"class_list":["post-235378","page","type-page","status-publish","hentry"],"acf":[],"yoast_head":"<!-- This site is optimized with the Yoast SEO plugin v27.2 - https:\/\/yoast.com\/product\/yoast-seo-wordpress\/ -->\n<title>About Our Apprenticeship - Eastern Atlantic States Carpenters Technical Center<\/title>\n<meta name=\"description\" content=\"With a rich history in training carpenters and builders, our four-year apprenticeship programs provide a comprehensive blend of classroom instruction and on-the-job training.\" \/>\n<meta name=\"robots\" content=\"index, follow, max-snippet:-1, max-image-preview:large, max-video-preview:-1\" \/>\n<link rel=\"canonical\" href=\"https:\/\/dev.eascarpenterstech.edu\/es\/about-our-apprenticeship\/\" \/>\n<meta property=\"og:locale\" content=\"es_ES\" \/>\n<meta property=\"og:type\" content=\"article\" \/>\n<meta property=\"og:title\" content=\"About Our Apprenticeship - Eastern Atlantic States Carpenters Technical Center\" \/>\n<meta property=\"og:description\" content=\"With a rich history in training carpenters and builders, our four-year apprenticeship programs provide a comprehensive blend of classroom instruction and on-the-job training.\" \/>\n<meta property=\"og:url\" content=\"https:\/\/dev.eascarpenterstech.edu\/es\/about-our-apprenticeship\/\" \/>\n<meta property=\"og:site_name\" content=\"Eastern Atlantic States Carpenters Technical Center\" \/>\n<meta property=\"article:modified_time\" content=\"2025-01-29T17:11:40+00:00\" \/>\n<meta property=\"og:image\" content=\"https:\/\/dev.eascarpenterstech.edu\/wp-content\/uploads\/2022\/07\/YOAST-Facebook-WebshareImage-2.jpg\" \/>\n\t<meta property=\"og:image:width\" content=\"600\" \/>\n\t<meta property=\"og:image:height\" content=\"315\" \/>\n\t<meta property=\"og:image:type\" content=\"image\/jpeg\" \/>\n<meta name=\"twitter:card\" content=\"summary_large_image\" \/>\n<meta name=\"twitter:label1\" content=\"Est. reading time\" \/>\n\t<meta name=\"twitter:data1\" content=\"4 minutos\" \/>\n<script type=\"application\/ld+json\" class=\"yoast-schema-graph\">{\"@context\":\"https:\/\/schema.org\",\"@graph\":[{\"@type\":\"WebPage\",\"@id\":\"https:\/\/dev.eascarpenterstech.edu\/about-our-apprenticeship\/\",\"url\":\"https:\/\/dev.eascarpenterstech.edu\/about-our-apprenticeship\/\",\"name\":\"About Our Apprenticeship - Eastern Atlantic States Carpenters Technical Center\",\"isPartOf\":{\"@id\":\"https:\/\/dev.eascarpenterstech.edu\/#website\"},\"datePublished\":\"2023-07-13T18:51:48+00:00\",\"dateModified\":\"2025-01-29T17:11:40+00:00\",\"description\":\"With a rich history in training carpenters and builders, our four-year apprenticeship programs provide a comprehensive blend of classroom instruction and on-the-job training.\",\"breadcrumb\":{\"@id\":\"https:\/\/dev.eascarpenterstech.edu\/about-our-apprenticeship\/#breadcrumb\"},\"inLanguage\":\"es\",\"potentialAction\":[{\"@type\":\"ReadAction\",\"target\":[\"https:\/\/dev.eascarpenterstech.edu\/about-our-apprenticeship\/\"]}]},{\"@type\":\"BreadcrumbList\",\"@id\":\"https:\/\/dev.eascarpenterstech.edu\/about-our-apprenticeship\/#breadcrumb\",\"itemListElement\":[{\"@type\":\"ListItem\",\"position\":1,\"name\":\"Home\",\"item\":\"https:\/\/dev.eascarpenterstech.edu\/\"},{\"@type\":\"ListItem\",\"position\":2,\"name\":\"About Our Apprenticeship\"}]},{\"@type\":\"WebSite\",\"@id\":\"https:\/\/dev.eascarpenterstech.edu\/#website\",\"url\":\"https:\/\/dev.eascarpenterstech.edu\/\",\"name\":\"Eastern Atlantic States Carpenters Technical Centers\",\"description\":\"Training The Best Carpenters in the Northeast Region\",\"publisher\":{\"@id\":\"https:\/\/dev.eascarpenterstech.edu\/#organization\"},\"potentialAction\":[{\"@type\":\"SearchAction\",\"target\":{\"@type\":\"EntryPoint\",\"urlTemplate\":\"https:\/\/dev.eascarpenterstech.edu\/?s={search_term_string}\"},\"query-input\":{\"@type\":\"PropertyValueSpecification\",\"valueRequired\":true,\"valueName\":\"search_term_string\"}}],\"inLanguage\":\"es\"},{\"@type\":\"Organization\",\"@id\":\"https:\/\/dev.eascarpenterstech.edu\/#organization\",\"name\":\"Eastern Atlantic States Carpenters Technical Center\",\"url\":\"https:\/\/dev.eascarpenterstech.edu\/\",\"logo\":{\"@type\":\"ImageObject\",\"inLanguage\":\"es\",\"@id\":\"https:\/\/dev.eascarpenterstech.edu\/#\/schema\/logo\/image\/\",\"url\":\"https:\/\/dev.eascarpenterstech.edu\/wp-content\/uploads\/2022\/07\/YOAST-Facebook-WebshareImage.jpg\",\"contentUrl\":\"https:\/\/dev.eascarpenterstech.edu\/wp-content\/uploads\/2022\/07\/YOAST-Facebook-WebshareImage.jpg\",\"width\":600,\"height\":315,\"caption\":\"Eastern Atlantic States Carpenters Technical Center\"},\"image\":{\"@id\":\"https:\/\/dev.eascarpenterstech.edu\/#\/schema\/logo\/image\/\"}}]}<\/script>\n<!-- \/ Yoast SEO plugin. -->","yoast_head_json":{"title":"Acerca de nuestro programa de aprendizaje - Centro T\u00e9cnico de Carpinteros de los Estados del Atl\u00e1ntico Oriental","description":"Con una rica trayectoria en la formaci\u00f3n de carpinteros y constructores, nuestros programas de aprendizaje de cuatro a\u00f1os ofrecen una combinaci\u00f3n integral de instrucci\u00f3n en el aula y capacitaci\u00f3n en el trabajo.","robots":{"index":"index","follow":"follow","max-snippet":"max-snippet:-1","max-image-preview":"max-image-preview:large","max-video-preview":"max-video-preview:-1"},"canonical":"https:\/\/dev.eascarpenterstech.edu\/es\/about-our-apprenticeship\/","og_locale":"es_ES","og_type":"article","og_title":"About Our Apprenticeship - Eastern Atlantic States Carpenters Technical Center","og_description":"With a rich history in training carpenters and builders, our four-year apprenticeship programs provide a comprehensive blend of classroom instruction and on-the-job training.","og_url":"https:\/\/dev.eascarpenterstech.edu\/es\/about-our-apprenticeship\/","og_site_name":"Eastern Atlantic States Carpenters Technical Center","article_modified_time":"2025-01-29T17:11:40+00:00","og_image":[{"width":600,"height":315,"url":"https:\/\/dev.eascarpenterstech.edu\/wp-content\/uploads\/2022\/07\/YOAST-Facebook-WebshareImage-2.jpg","type":"image\/jpeg"}],"twitter_card":"summary_large_image","twitter_misc":{"Est. reading time":"4 minutos"},"schema":{"@context":"https:\/\/schema.org","@graph":[{"@type":"WebPage","@id":"https:\/\/dev.eascarpenterstech.edu\/about-our-apprenticeship\/","url":"https:\/\/dev.eascarpenterstech.edu\/about-our-apprenticeship\/","name":"Acerca de nuestro programa de aprendizaje - Centro T\u00e9cnico de Carpinteros de los Estados del Atl\u00e1ntico Oriental","isPartOf":{"@id":"https:\/\/dev.eascarpenterstech.edu\/#website"},"datePublished":"2023-07-13T18:51:48+00:00","dateModified":"2025-01-29T17:11:40+00:00","description":"Con una rica trayectoria en la formaci\u00f3n de carpinteros y constructores, nuestros programas de aprendizaje de cuatro a\u00f1os ofrecen una combinaci\u00f3n integral de instrucci\u00f3n en el aula y capacitaci\u00f3n en el trabajo.","breadcrumb":{"@id":"https:\/\/dev.eascarpenterstech.edu\/about-our-apprenticeship\/#breadcrumb"},"inLanguage":"es","potentialAction":[{"@type":"ReadAction","target":["https:\/\/dev.eascarpenterstech.edu\/about-our-apprenticeship\/"]}]},{"@type":"BreadcrumbList","@id":"https:\/\/dev.eascarpenterstech.edu\/about-our-apprenticeship\/#breadcrumb","itemListElement":[{"@type":"ListItem","position":1,"name":"Home","item":"https:\/\/dev.eascarpenterstech.edu\/"},{"@type":"ListItem","position":2,"name":"About Our Apprenticeship"}]},{"@type":"WebSite","@id":"https:\/\/dev.eascarpenterstech.edu\/#website","url":"https:\/\/dev.eascarpenterstech.edu\/","name":"Centros t\u00e9cnicos de carpinteros de los estados del Atl\u00e1ntico oriental","description":"Capacitando a los mejores carpinteros de la regi\u00f3n Nordeste","publisher":{"@id":"https:\/\/dev.eascarpenterstech.edu\/#organization"},"potentialAction":[{"@type":"SearchAction","target":{"@type":"EntryPoint","urlTemplate":"https:\/\/dev.eascarpenterstech.edu\/?s={search_term_string}"},"query-input":{"@type":"PropertyValueSpecification","valueRequired":true,"valueName":"search_term_string"}}],"inLanguage":"es"},{"@type":"Organization","@id":"https:\/\/dev.eascarpenterstech.edu\/#organization","name":"Centro t\u00e9cnico de carpinteros de los estados del Atl\u00e1ntico oriental","url":"https:\/\/dev.eascarpenterstech.edu\/","logo":{"@type":"ImageObject","inLanguage":"es","@id":"https:\/\/dev.eascarpenterstech.edu\/#\/schema\/logo\/image\/","url":"https:\/\/dev.eascarpenterstech.edu\/wp-content\/uploads\/2022\/07\/YOAST-Facebook-WebshareImage.jpg","contentUrl":"https:\/\/dev.eascarpenterstech.edu\/wp-content\/uploads\/2022\/07\/YOAST-Facebook-WebshareImage.jpg","width":600,"height":315,"caption":"Eastern Atlantic States Carpenters Technical Center"},"image":{"@id":"https:\/\/dev.eascarpenterstech.edu\/#\/schema\/logo\/image\/"}}]}},"publishpress_future_action":{"enabled":false,"date":"2026-05-18 17:09:51","action":"change-status","newStatus":"draft","terms":[],"taxonomy":"","extraData":[]},"publishpress_future_workflow_manual_trigger":{"enabledWorkflows":[]},"_links":{"self":[{"href":"https:\/\/dev.eascarpenterstech.edu\/es\/wp-json\/wp\/v2\/pages\/235378","targetHints":{"allow":["GET"]}}],"collection":[{"href":"https:\/\/dev.eascarpenterstech.edu\/es\/wp-json\/wp\/v2\/pages"}],"about":[{"href":"https:\/\/dev.eascarpenterstech.edu\/es\/wp-json\/wp\/v2\/types\/page"}],"author":[{"embeddable":true,"href":"https:\/\/dev.eascarpenterstech.edu\/es\/wp-json\/wp\/v2\/users\/35"}],"replies":[{"embeddable":true,"href":"https:\/\/dev.eascarpenterstech.edu\/es\/wp-json\/wp\/v2\/comments?post=235378"}],"version-history":[{"count":17,"href":"https:\/\/dev.eascarpenterstech.edu\/es\/wp-json\/wp\/v2\/pages\/235378\/revisions"}],"predecessor-version":[{"id":237328,"href":"https:\/\/dev.eascarpenterstech.edu\/es\/wp-json\/wp\/v2\/pages\/235378\/revisions\/237328"}],"wp:attachment":[{"href":"https:\/\/dev.eascarpenterstech.edu\/es\/wp-json\/wp\/v2\/media?parent=235378"}],"curies":[{"name":"gracias","href":"https:\/\/api.w.org\/{rel}","templated":true}]}}