{"id":237061,"date":"2025-01-07T10:27:30","date_gmt":"2025-01-07T15:27:30","guid":{"rendered":"https:\/\/dev.eascarpenterstech.edu\/?page_id=237061"},"modified":"2026-01-30T12:03:41","modified_gmt":"2026-01-30T17:03:41","slug":"contact-cards","status":"publish","type":"page","link":"https:\/\/dev.eascarpenterstech.edu\/es\/contact-cards\/","title":{"rendered":"Tarjetas de contacto"},"content":{"rendered":"<p>[et_pb_section fb_built=&#8221;1&#8243; _builder_version=&#8221;4.27.4&#8243; _module_preset=&#8221;default&#8221; use_background_color_gradient=&#8221;on&#8221; background_color_gradient_stops=&#8221;rgba(0,32,91,0.5) 0%|rgba(0,32,91,0.5) 100%&#8221; background_color_gradient_overlays_image=&#8221;on&#8221; background_image=&#8221;https:\/\/dev.eascarpenterstech.edu\/wp-content\/uploads\/2022\/07\/iStock-1470735386-scaled.jpg&#8221; background_position=&#8221;bottom_center&#8221; background_vertical_offset=&#8221;8%&#8221; custom_padding=&#8221;100px||100px||true|false&#8221; locked=&#8221;off&#8221; global_colors_info=&#8221;{}&#8221;][et_pb_row _builder_version=&#8221;4.19.5&#8243; _module_preset=&#8221;default&#8221; global_colors_info=&#8221;{}&#8221;][et_pb_column type=&#8221;4_4&#8243; _builder_version=&#8221;4.19.5&#8243; _module_preset=&#8221;default&#8221; global_colors_info=&#8221;{}&#8221;][et_pb_text quote_border_color=&#8221;#d31245&#8243; _builder_version=&#8221;4.27.4&#8243; _module_preset=&#8221;default&#8221; quote_text_color=&#8221;RGBA(255,255,255,0)&#8221; header_font=&#8221;Open Sans|700|||||||&#8221; header_text_color=&#8221;#FFFFFF&#8221; header_font_size=&#8221;72px&#8221; width=&#8221;50%&#8221; width_tablet=&#8221;50%&#8221; width_phone=&#8221;100%&#8221; width_last_edited=&#8221;on|phone&#8221; header_text_align_tablet=&#8221;&#8221; header_text_align_phone=&#8221;center&#8221; header_text_align_last_edited=&#8221;on|phone&#8221; header_font_size_tablet=&#8221;72px&#8221; header_font_size_phone=&#8221;55px&#8221; header_font_size_last_edited=&#8221;on|phone&#8221; global_colors_info=&#8221;{}&#8221;]<\/p>\n<blockquote>\n<h1>CONTACT CARDS<\/h1>\n<\/blockquote>\n<p>[\/et_pb_text][et_pb_text _builder_version=&#8221;4.19.5&#8243; _module_preset=&#8221;default&#8221; text_text_color=&#8221;#FFFFFF&#8221; width=&#8221;50%&#8221; width_tablet=&#8221;50%&#8221; width_phone=&#8221;100%&#8221; width_last_edited=&#8221;on|phone&#8221; text_orientation_tablet=&#8221;&#8221; text_orientation_phone=&#8221;center&#8221; text_orientation_last_edited=&#8221;on|phone&#8221; global_colors_info=&#8221;{}&#8221;]Whether you're seeking information about enrollment, program details, or any other carpentry-related concerns, our friendly staff is ready to provide you with prompt and helpful assistance.[\/et_pb_text][\/et_pb_column][\/et_pb_row][\/et_pb_section][et_pb_section fb_built=&#8221;1&#8243; admin_label=&#8221;Services&#8221; _builder_version=&#8221;4.19.5&#8243; custom_padding=&#8221;||||false|false&#8221; global_colors_info=&#8221;{}&#8221;][et_pb_row column_structure=&#8221;1_3,1_3,1_3&#8243; make_equal=&#8221;on&#8221; custom_padding_last_edited=&#8221;on|tablet&#8221; _builder_version=&#8221;4.27.4&#8243; _module_preset=&#8221;default&#8221; custom_padding_tablet=&#8221;||0px||false|false&#8221; custom_padding_phone=&#8221;||0px||false|false&#8221; locked=&#8221;off&#8221; global_colors_info=&#8221;{}&#8221;][et_pb_column type=&#8221;1_3&#8243; _builder_version=&#8221;4.27.4&#8243; _module_preset=&#8221;default&#8221; background_color=&#8221;#fafafa&#8221; custom_padding=&#8221;30px|30px|30px|30px|true|true&#8221; custom_padding_tablet=&#8221;30px|30px|30px|30px|true|true&#8221; custom_padding_phone=&#8221;20px|20px|20px|20px|true|true&#8221; custom_padding_last_edited=&#8221;on|desktop&#8221; custom_css_main_element=&#8221;display : flex;||flex-direction : column;||&#8221; global_colors_info=&#8221;{}&#8221;][et_pb_blurb title=&#8221;Pennsylvania Contact Card&#8221; use_icon=&#8221;on&#8221; font_icon=&#8221;&#xe090;||divi||400&#8243; icon_color=&#8221;#D31245&#8243; image_icon_width=&#8221;40px&#8221; content_max_width=&#8221;1100px&#8221; _builder_version=&#8221;4.27.4&#8243; _module_preset=&#8221;default&#8221; header_font=&#8221;&#8211;et_global_heading_font||||||||&#8221; header_text_align=&#8221;center&#8221; header_text_color=&#8221;#3f3f3f&#8221; header_font_size=&#8221;20px&#8221; image_icon_custom_margin=&#8221;||-15px||false|false&#8221; custom_margin=&#8221;||||false|true&#8221; global_colors_info=&#8221;{}&#8221;]<\/p>\n<p style=\"text-align: left;\"><strong><\/strong><\/p>\n<p style=\"text-align: left;\"><strong>Philadelphia, PA (Main Training Center)<\/strong><br \/>10401 Decatur Road, Philadelphia PA, 19154<br \/><a href=\"tel:215-824-2300\">(215) 824-2300<\/a><\/p>\n<p style=\"text-align: left;\"><strong>Allentown, PA<\/strong><br \/>1818 Vultee Street, Allentown PA 18103<br \/><a href=\"tel:610-866-3030\">(610) 866-3030<\/a><\/p>\n<p style=\"text-align: left;\"><strong>Lebanon, PA<\/strong><br \/>1718 Heilmandale Rd. Suite 300, Lebanon PA 17046<br \/><a href=\"tel:717-273-5277\">(717) 273-5277<\/a><\/p>\n<p style=\"text-align: left;\"><strong>Duncansville, PA<\/strong><br \/>261 Patch Way Road, Duncansville PA 16635<br \/><a href=\"tel:814-693-0311\">(814) 693-0311<\/a><\/p>\n<p style=\"text-align: left;\"><strong>Pittsburgh, PA<\/strong><br \/>652 Ridge Road, Pittsburgh PA 15205<br \/><a href=\"tel:412-262-1830\">(412) 262-1830<\/a><\/p>\n<p>[\/et_pb_blurb][\/et_pb_column][et_pb_column type=&#8221;1_3&#8243; _builder_version=&#8221;4.27.4&#8243; _module_preset=&#8221;default&#8221; background_color=&#8221;#fafafa&#8221; custom_padding=&#8221;30px|30px|30px|30px|true|true&#8221; custom_padding_tablet=&#8221;30px|30px|30px|30px|true|true&#8221; custom_padding_phone=&#8221;20px|20px|20px|20px|true|true&#8221; custom_padding_last_edited=&#8221;on|desktop&#8221; custom_css_main_element=&#8221;display : flex;||flex-direction : column;||&#8221; global_colors_info=&#8221;{}&#8221;][et_pb_blurb title=&#8221;New Jersey Contact Card&#8221; use_icon=&#8221;on&#8221; font_icon=&#8221;&#xe090;||divi||400&#8243; icon_color=&#8221;#D31245&#8243; image_icon_width=&#8221;40px&#8221; content_max_width=&#8221;1100px&#8221; _builder_version=&#8221;4.27.4&#8243; _module_preset=&#8221;default&#8221; header_font=&#8221;&#8211;et_global_heading_font||||||||&#8221; header_text_align=&#8221;center&#8221; header_text_color=&#8221;#3f3f3f&#8221; header_font_size=&#8221;20px&#8221; image_icon_custom_margin=&#8221;||-15px||false|false&#8221; custom_margin=&#8221;||||false|true&#8221; global_colors_info=&#8221;{}&#8221;]<\/p>\n<p><strong><\/strong><\/p>\n<p><strong>Edison<\/strong><br \/>75 Fieldcrest Avenue, Edison NJ, 08837<br \/><a href=\"tel:732-372-6020\">(732) 372-6020<\/a><\/p>\n<p><strong>Hammonton<\/strong><br \/>3300 White Horse Pike, Hammonton NJ, 08037<br \/><a href=\"tel:609-567-5675\">(609) 567-5675<\/a><\/p>\n<p><strong>Sicklerville<\/strong><br \/>1500 Liberty Place, Sicklerville NJ, 08084<br \/><a href=\"tel:609-567-5675\">(609) 567-5675<\/a><\/p>\n<p>[\/et_pb_blurb][\/et_pb_column][et_pb_column type=&#8221;1_3&#8243; _builder_version=&#8221;4.27.4&#8243; _module_preset=&#8221;default&#8221; background_color=&#8221;#fafafa&#8221; custom_padding=&#8221;30px|30px|30px|30px|true|true&#8221; custom_padding_tablet=&#8221;30px|30px|30px|30px|true|true&#8221; custom_padding_phone=&#8221;20px|20px|20px|20px|true|true&#8221; custom_padding_last_edited=&#8221;on|desktop&#8221; custom_css_main_element=&#8221;display : flex;||flex-direction : column;||&#8221; global_colors_info=&#8221;{}&#8221;][et_pb_blurb title=&#8221;Delaware Contact Card&#8221; use_icon=&#8221;on&#8221; font_icon=&#8221;&#xe090;||divi||400&#8243; icon_color=&#8221;#D31245&#8243; image_icon_width=&#8221;40px&#8221; content_max_width=&#8221;1100px&#8221; _builder_version=&#8221;4.27.4&#8243; _module_preset=&#8221;default&#8221; header_font=&#8221;&#8211;et_global_heading_font||||||||&#8221; header_text_align=&#8221;center&#8221; header_text_color=&#8221;#3f3f3f&#8221; header_font_size=&#8221;20px&#8221; image_icon_custom_margin=&#8221;||-15px||false|false&#8221; custom_margin=&#8221;||||false|true&#8221; global_colors_info=&#8221;{}&#8221;]<\/p>\n<p><strong><\/strong><\/p>\n<p><strong>New Castle<\/strong><br \/>620 Wilmington Road, New Castle DE, 19720<br \/><a href=\"tel:302-328-7802\">(302) 328-7802<\/a><\/p>\n<p><strong>Georgetown<\/strong><br \/>21420 Vaughn Road, Georgetown DE, 19947<br \/><a href=\"tel:302-856-3000\">(302) 856-3000<\/a><\/p>\n<p>[\/et_pb_blurb][\/et_pb_column][\/et_pb_row][et_pb_row column_structure=&#8221;1_3,1_3,1_3&#8243; make_equal=&#8221;on&#8221; custom_padding_last_edited=&#8221;on|tablet&#8221; _builder_version=&#8221;4.27.4&#8243; _module_preset=&#8221;default&#8221; custom_padding=&#8221;0px||||false|false&#8221; custom_padding_tablet=&#8221;||0px||false|false&#8221; custom_padding_phone=&#8221;||0px||false|false&#8221; locked=&#8221;off&#8221; global_colors_info=&#8221;{}&#8221;][et_pb_column type=&#8221;1_3&#8243; _builder_version=&#8221;4.27.4&#8243; _module_preset=&#8221;default&#8221; background_color=&#8221;#fafafa&#8221; custom_padding=&#8221;30px|30px|30px|30px|true|true&#8221; custom_padding_tablet=&#8221;30px|30px|30px|30px|true|true&#8221; custom_padding_phone=&#8221;20px|20px|20px|20px|true|true&#8221; custom_padding_last_edited=&#8221;on|desktop&#8221; custom_css_main_element=&#8221;display : flex;||flex-direction : column;||&#8221; global_colors_info=&#8221;{}&#8221;][et_pb_blurb title=&#8221;Maryland\/DC Contact Card&#8221; use_icon=&#8221;on&#8221; font_icon=&#8221;&#xe090;||divi||400&#8243; icon_color=&#8221;#D31245&#8243; image_icon_width=&#8221;40px&#8221; content_max_width=&#8221;1100px&#8221; _builder_version=&#8221;4.27.4&#8243; _module_preset=&#8221;default&#8221; header_font=&#8221;&#8211;et_global_heading_font||||||||&#8221; header_text_align=&#8221;center&#8221; header_text_color=&#8221;#3f3f3f&#8221; header_font_size=&#8221;20px&#8221; image_icon_custom_margin=&#8221;||-15px||false|false&#8221; custom_margin=&#8221;||||false|true&#8221; global_colors_info=&#8221;{}&#8221;]<\/p>\n<p><strong><\/strong><\/p>\n<p><strong>Upper Marlboro<\/strong><br \/>8510 Pennsylvania Avenue, Upper Marlboro MD, 20772<br \/><a href=\"tel:301-736-1696\">(301) 736-1696<\/a><\/p>\n<p>[\/et_pb_blurb][\/et_pb_column][et_pb_column type=&#8221;1_3&#8243; _builder_version=&#8221;4.27.4&#8243; _module_preset=&#8221;default&#8221; background_color=&#8221;#fafafa&#8221; custom_padding=&#8221;30px|30px|30px|30px|true|true&#8221; custom_padding_tablet=&#8221;30px|30px|30px|30px|true|true&#8221; custom_padding_phone=&#8221;20px|20px|20px|20px|true|true&#8221; custom_padding_last_edited=&#8221;on|desktop&#8221; custom_css_main_element=&#8221;display : flex;||flex-direction : column;||&#8221; global_colors_info=&#8221;{}&#8221;][et_pb_blurb title=&#8221;Virginia Contact Card&#8221; use_icon=&#8221;on&#8221; font_icon=&#8221;&#xe090;||divi||400&#8243; icon_color=&#8221;#D31245&#8243; image_icon_width=&#8221;40px&#8221; content_max_width=&#8221;1100px&#8221; _builder_version=&#8221;4.27.4&#8243; _module_preset=&#8221;default&#8221; header_font=&#8221;&#8211;et_global_heading_font||||||||&#8221; header_text_align=&#8221;center&#8221; header_text_color=&#8221;#3f3f3f&#8221; header_font_size=&#8221;20px&#8221; image_icon_custom_margin=&#8221;||-15px||false|false&#8221; custom_margin=&#8221;||||false|true&#8221; global_colors_info=&#8221;{}&#8221;]<\/p>\n<p><strong><\/strong><\/p>\n<p><strong>Charles City<\/strong><br \/>302 Roxbury Industrial Center, Charles City VA, 23030<br \/><a href=\"tel:804-966-9340\">(804) 966-9340<\/a><\/p>\n<p><strong>Ashland<\/strong><br \/>10238 Sycamore Drive, Ashland VA, 23005<br \/><a href=\"tel:804-743-7458\">(804) 743-7458<\/a><\/p>\n<p>[\/et_pb_blurb][\/et_pb_column][et_pb_column type=&#8221;1_3&#8243; _builder_version=&#8221;4.27.4&#8243; _module_preset=&#8221;default&#8221; background_color=&#8221;#fafafa&#8221; custom_padding=&#8221;30px|30px|30px|30px|true|true&#8221; custom_padding_tablet=&#8221;30px|30px|30px|30px|true|true&#8221; custom_padding_phone=&#8221;20px|20px|20px|20px|true|true&#8221; custom_padding_last_edited=&#8221;on|desktop&#8221; custom_css_main_element=&#8221;display : flex;||flex-direction : column;||&#8221; global_colors_info=&#8221;{}&#8221;][et_pb_blurb title=&#8221;West Virginia Contact Card&#8221; use_icon=&#8221;on&#8221; font_icon=&#8221;&#xe090;||divi||400&#8243; icon_color=&#8221;#D31245&#8243; image_icon_width=&#8221;40px&#8221; content_max_width=&#8221;1100px&#8221; _builder_version=&#8221;4.27.5&#8243; _module_preset=&#8221;default&#8221; header_font=&#8221;&#8211;et_global_heading_font||||||||&#8221; header_text_align=&#8221;center&#8221; header_text_color=&#8221;#3f3f3f&#8221; header_font_size=&#8221;20px&#8221; image_icon_custom_margin=&#8221;||-15px||false|false&#8221; custom_margin=&#8221;||||false|true&#8221; global_colors_info=&#8221;{}&#8221;]<\/p>\n<p><strong><\/strong><\/p>\n<p><strong>Nitro<\/strong><br \/>1 W 19th St, Nitro, WV 25143<br \/><a href=\"tel:304-428-1891\">(304) 428-1891<\/a><\/p>\n<p><strong>Parkersburg<\/strong><br \/>110 Boyles Lane, Parkersburg WV, 26104<br \/><a href=\"tel:304-428-1891\">(304) 428-1891<\/a><\/p>\n<p><strong>Parkersburg (Millwrights)<\/strong><br \/>4600 Camden Avenue, Parkersburg WV, 26101<br \/><a href=\"tel:304-422-7637\">(304) 422-7637<\/a><\/p>\n<p><strong>Bridgeport<\/strong><br \/>609 Broadway Avenue, Bridgeport WV, 26330<br \/><a href=\"tel:304-428-1891\">(304) 428-1891<\/a><\/p>\n<p>[\/et_pb_blurb][\/et_pb_column][\/et_pb_row][\/et_pb_section]<\/p>\n","protected":false},"excerpt":{"rendered":"<p>TARJETAS DE CONTACTO Si busca informaci\u00f3n sobre la inscripci\u00f3n, detalles del programa o cualquier otra inquietud relacionada con la carpinter\u00eda, nuestro amable personal est\u00e1 listo para brindarle asistencia r\u00e1pida y \u00fatil. Filadelfia, PA (Centro de Capacitaci\u00f3n Principal) 10401 Decatur Road, Filadelfia, PA, 19154 (215) 824-2300 Allentown, PA 1818 Vultee Street, Allentown, PA 18103 (610) 866-3030 Lebanon, PA 1718 Heilmandale Rd. Suite 300, Lebanon, PA 17046 (717) 273-5277 Duncansville, PA 261 Patch Way Road, Duncansville, PA 16635 (814) 693-0311 Pittsburgh, PA 652 Ridge Road, Pittsburgh, PA 15205 (412) 262-1830 Edison 75 Fieldcrest Avenue, Edison, NJ, 08837 (732) 372-6020 Hammonton 3300 White Horse Pike, Hammonton, NJ, 08037 (609) 567-5675 Sicklerville 1500 Liberty Place, Sicklerville, NJ, 08084 (609) 567-5675 New Castle 620 Wilmington Road, New Castle, DE, 19720 (302) 328-7802 Georgetown 21420 Vaughn Carretera, Georgetown DE, 19947(302) 856-3000 Upper Marlboro 8510 Pennsylvania Avenue, Upper Marlboro MD, 20772(301) 736-1696 Charles City 302 Roxbury Industrial Center, Charles City VA, 23030(804) 966-9340 Ashland 10238 Sycamore Drive, Ashland VA, 23005(804) 743-7458 Nitro 1 W 19th St, Nitro, WV 25143(304) 428-1891 Parkersburg 110 Boyles Lane, Parkersburg WV, 26104(304) 428-1891 Parkersburg (Mec\u00e1nicos) 4600 Camden Avenue, Parkersburg WV, 26101(304) 422-7637 Bridgeport 609 Broadway Avenue, Bridgeport, Virginia Occidental, 26330 (304) 428-1891<\/p>","protected":false},"author":35,"featured_media":0,"parent":0,"menu_order":0,"comment_status":"closed","ping_status":"closed","template":"","meta":{"_acf_changed":false,"_et_pb_use_builder":"on","_et_pb_old_content":"","_et_gb_content_width":"","footnotes":""},"class_list":["post-237061","page","type-page","status-publish","hentry"],"acf":[],"yoast_head":"<!-- This site is optimized with the Yoast SEO plugin v27.2 - https:\/\/yoast.com\/product\/yoast-seo-wordpress\/ -->\n<title>Contact Cards - Eastern Atlantic States Carpenters Technical Center<\/title>\n<meta name=\"robots\" content=\"index, follow, max-snippet:-1, max-image-preview:large, max-video-preview:-1\" \/>\n<link rel=\"canonical\" href=\"https:\/\/dev.eascarpenterstech.edu\/es\/contact-cards\/\" \/>\n<meta property=\"og:locale\" content=\"es_ES\" \/>\n<meta property=\"og:type\" content=\"article\" \/>\n<meta property=\"og:title\" content=\"Contact Cards - Eastern Atlantic States Carpenters Technical Center\" \/>\n<meta property=\"og:url\" content=\"https:\/\/dev.eascarpenterstech.edu\/es\/contact-cards\/\" \/>\n<meta property=\"og:site_name\" content=\"Eastern Atlantic States Carpenters Technical Center\" \/>\n<meta property=\"article:modified_time\" content=\"2026-01-30T17:03:41+00:00\" \/>\n<meta property=\"og:image\" content=\"https:\/\/dev.eascarpenterstech.edu\/wp-content\/uploads\/2022\/07\/YOAST-Facebook-WebshareImage-2.jpg\" \/>\n\t<meta property=\"og:image:width\" content=\"600\" \/>\n\t<meta property=\"og:image:height\" content=\"315\" \/>\n\t<meta property=\"og:image:type\" content=\"image\/jpeg\" \/>\n<meta name=\"twitter:card\" content=\"summary_large_image\" \/>\n<meta name=\"twitter:label1\" content=\"Est. reading time\" \/>\n\t<meta name=\"twitter:data1\" content=\"2 minutos\" \/>\n<script type=\"application\/ld+json\" class=\"yoast-schema-graph\">{\"@context\":\"https:\/\/schema.org\",\"@graph\":[{\"@type\":\"WebPage\",\"@id\":\"https:\/\/dev.eascarpenterstech.edu\/contact-cards\/\",\"url\":\"https:\/\/dev.eascarpenterstech.edu\/contact-cards\/\",\"name\":\"Contact Cards - Eastern Atlantic States Carpenters Technical Center\",\"isPartOf\":{\"@id\":\"https:\/\/dev.eascarpenterstech.edu\/#website\"},\"datePublished\":\"2025-01-07T15:27:30+00:00\",\"dateModified\":\"2026-01-30T17:03:41+00:00\",\"breadcrumb\":{\"@id\":\"https:\/\/dev.eascarpenterstech.edu\/contact-cards\/#breadcrumb\"},\"inLanguage\":\"es\",\"potentialAction\":[{\"@type\":\"ReadAction\",\"target\":[\"https:\/\/dev.eascarpenterstech.edu\/contact-cards\/\"]}]},{\"@type\":\"BreadcrumbList\",\"@id\":\"https:\/\/dev.eascarpenterstech.edu\/contact-cards\/#breadcrumb\",\"itemListElement\":[{\"@type\":\"ListItem\",\"position\":1,\"name\":\"Home\",\"item\":\"https:\/\/dev.eascarpenterstech.edu\/\"},{\"@type\":\"ListItem\",\"position\":2,\"name\":\"Contact Cards\"}]},{\"@type\":\"WebSite\",\"@id\":\"https:\/\/dev.eascarpenterstech.edu\/#website\",\"url\":\"https:\/\/dev.eascarpenterstech.edu\/\",\"name\":\"Eastern Atlantic States Carpenters Technical Centers\",\"description\":\"Training The Best Carpenters in the Northeast Region\",\"publisher\":{\"@id\":\"https:\/\/dev.eascarpenterstech.edu\/#organization\"},\"potentialAction\":[{\"@type\":\"SearchAction\",\"target\":{\"@type\":\"EntryPoint\",\"urlTemplate\":\"https:\/\/dev.eascarpenterstech.edu\/?s={search_term_string}\"},\"query-input\":{\"@type\":\"PropertyValueSpecification\",\"valueRequired\":true,\"valueName\":\"search_term_string\"}}],\"inLanguage\":\"es\"},{\"@type\":\"Organization\",\"@id\":\"https:\/\/dev.eascarpenterstech.edu\/#organization\",\"name\":\"Eastern Atlantic States Carpenters Technical Center\",\"url\":\"https:\/\/dev.eascarpenterstech.edu\/\",\"logo\":{\"@type\":\"ImageObject\",\"inLanguage\":\"es\",\"@id\":\"https:\/\/dev.eascarpenterstech.edu\/#\/schema\/logo\/image\/\",\"url\":\"https:\/\/dev.eascarpenterstech.edu\/wp-content\/uploads\/2022\/07\/YOAST-Facebook-WebshareImage.jpg\",\"contentUrl\":\"https:\/\/dev.eascarpenterstech.edu\/wp-content\/uploads\/2022\/07\/YOAST-Facebook-WebshareImage.jpg\",\"width\":600,\"height\":315,\"caption\":\"Eastern Atlantic States Carpenters Technical Center\"},\"image\":{\"@id\":\"https:\/\/dev.eascarpenterstech.edu\/#\/schema\/logo\/image\/\"}}]}<\/script>\n<!-- \/ Yoast SEO plugin. -->","yoast_head_json":{"title":"Tarjetas de contacto - Centro T\u00e9cnico de Carpinteros de los Estados del Atl\u00e1ntico Oriental","robots":{"index":"index","follow":"follow","max-snippet":"max-snippet:-1","max-image-preview":"max-image-preview:large","max-video-preview":"max-video-preview:-1"},"canonical":"https:\/\/dev.eascarpenterstech.edu\/es\/contact-cards\/","og_locale":"es_ES","og_type":"article","og_title":"Contact Cards - Eastern Atlantic States Carpenters Technical Center","og_url":"https:\/\/dev.eascarpenterstech.edu\/es\/contact-cards\/","og_site_name":"Eastern Atlantic States Carpenters Technical Center","article_modified_time":"2026-01-30T17:03:41+00:00","og_image":[{"width":600,"height":315,"url":"https:\/\/dev.eascarpenterstech.edu\/wp-content\/uploads\/2022\/07\/YOAST-Facebook-WebshareImage-2.jpg","type":"image\/jpeg"}],"twitter_card":"summary_large_image","twitter_misc":{"Est. reading time":"2 minutos"},"schema":{"@context":"https:\/\/schema.org","@graph":[{"@type":"WebPage","@id":"https:\/\/dev.eascarpenterstech.edu\/contact-cards\/","url":"https:\/\/dev.eascarpenterstech.edu\/contact-cards\/","name":"Tarjetas de contacto - Centro T\u00e9cnico de Carpinteros de los Estados del Atl\u00e1ntico Oriental","isPartOf":{"@id":"https:\/\/dev.eascarpenterstech.edu\/#website"},"datePublished":"2025-01-07T15:27:30+00:00","dateModified":"2026-01-30T17:03:41+00:00","breadcrumb":{"@id":"https:\/\/dev.eascarpenterstech.edu\/contact-cards\/#breadcrumb"},"inLanguage":"es","potentialAction":[{"@type":"ReadAction","target":["https:\/\/dev.eascarpenterstech.edu\/contact-cards\/"]}]},{"@type":"BreadcrumbList","@id":"https:\/\/dev.eascarpenterstech.edu\/contact-cards\/#breadcrumb","itemListElement":[{"@type":"ListItem","position":1,"name":"Home","item":"https:\/\/dev.eascarpenterstech.edu\/"},{"@type":"ListItem","position":2,"name":"Contact Cards"}]},{"@type":"WebSite","@id":"https:\/\/dev.eascarpenterstech.edu\/#website","url":"https:\/\/dev.eascarpenterstech.edu\/","name":"Centros t\u00e9cnicos de carpinteros de los estados del Atl\u00e1ntico oriental","description":"Capacitando a los mejores carpinteros de la regi\u00f3n Nordeste","publisher":{"@id":"https:\/\/dev.eascarpenterstech.edu\/#organization"},"potentialAction":[{"@type":"SearchAction","target":{"@type":"EntryPoint","urlTemplate":"https:\/\/dev.eascarpenterstech.edu\/?s={search_term_string}"},"query-input":{"@type":"PropertyValueSpecification","valueRequired":true,"valueName":"search_term_string"}}],"inLanguage":"es"},{"@type":"Organization","@id":"https:\/\/dev.eascarpenterstech.edu\/#organization","name":"Centro t\u00e9cnico de carpinteros de los estados del Atl\u00e1ntico oriental","url":"https:\/\/dev.eascarpenterstech.edu\/","logo":{"@type":"ImageObject","inLanguage":"es","@id":"https:\/\/dev.eascarpenterstech.edu\/#\/schema\/logo\/image\/","url":"https:\/\/dev.eascarpenterstech.edu\/wp-content\/uploads\/2022\/07\/YOAST-Facebook-WebshareImage.jpg","contentUrl":"https:\/\/dev.eascarpenterstech.edu\/wp-content\/uploads\/2022\/07\/YOAST-Facebook-WebshareImage.jpg","width":600,"height":315,"caption":"Eastern Atlantic States Carpenters Technical Center"},"image":{"@id":"https:\/\/dev.eascarpenterstech.edu\/#\/schema\/logo\/image\/"}}]}},"publishpress_future_action":{"enabled":false,"date":"2026-05-19 03:13:49","action":"change-status","newStatus":"draft","terms":[],"taxonomy":"","extraData":[]},"publishpress_future_workflow_manual_trigger":{"enabledWorkflows":[]},"_links":{"self":[{"href":"https:\/\/dev.eascarpenterstech.edu\/es\/wp-json\/wp\/v2\/pages\/237061","targetHints":{"allow":["GET"]}}],"collection":[{"href":"https:\/\/dev.eascarpenterstech.edu\/es\/wp-json\/wp\/v2\/pages"}],"about":[{"href":"https:\/\/dev.eascarpenterstech.edu\/es\/wp-json\/wp\/v2\/types\/page"}],"author":[{"embeddable":true,"href":"https:\/\/dev.eascarpenterstech.edu\/es\/wp-json\/wp\/v2\/users\/35"}],"replies":[{"embeddable":true,"href":"https:\/\/dev.eascarpenterstech.edu\/es\/wp-json\/wp\/v2\/comments?post=237061"}],"version-history":[{"count":15,"href":"https:\/\/dev.eascarpenterstech.edu\/es\/wp-json\/wp\/v2\/pages\/237061\/revisions"}],"predecessor-version":[{"id":237828,"href":"https:\/\/dev.eascarpenterstech.edu\/es\/wp-json\/wp\/v2\/pages\/237061\/revisions\/237828"}],"wp:attachment":[{"href":"https:\/\/dev.eascarpenterstech.edu\/es\/wp-json\/wp\/v2\/media?parent=237061"}],"curies":[{"name":"gracias","href":"https:\/\/api.w.org\/{rel}","templated":true}]}}