{"id":59213,"date":"2022-07-19T10:43:02","date_gmt":"2022-07-19T14:43:02","guid":{"rendered":"https:\/\/dev.eascarpenterstech.edu\/?page_id=59213"},"modified":"2023-08-02T22:20:07","modified_gmt":"2023-08-03T02:20:07","slug":"disclaimer","status":"publish","type":"page","link":"https:\/\/dev.eascarpenterstech.edu\/es\/disclaimer\/","title":{"rendered":"Descargo de responsabilidad"},"content":{"rendered":"<p>[et_pb_section fb_built=&#8221;1&#8243; _builder_version=&#8221;4.19.5&#8243; _module_preset=&#8221;default&#8221; global_colors_info=&#8221;{}&#8221;][et_pb_row _builder_version=&#8221;4.19.5&#8243; _module_preset=&#8221;default&#8221; global_colors_info=&#8221;{}&#8221;][et_pb_column type=&#8221;4_4&#8243; _builder_version=&#8221;4.19.5&#8243; _module_preset=&#8221;default&#8221; global_colors_info=&#8221;{}&#8221;][et_pb_text _builder_version=&#8221;4.19.5&#8243; _module_preset=&#8221;default&#8221; text_font=&#8221;|700|||||||&#8221; text_text_color=&#8221;#d31245&#8243; text_font_size=&#8221;30px&#8221; module_alignment=&#8221;left&#8221; custom_margin=&#8221;||||false|false&#8221; custom_padding=&#8221;||||false|false&#8221; text_orientation_tablet=&#8221;&#8221; text_orientation_phone=&#8221;center&#8221; text_orientation_last_edited=&#8221;on|phone&#8221; locked=&#8221;off&#8221; global_colors_info=&#8221;{}&#8221;]<\/p>\n<p>Disclaimer<\/p>\n<p>[\/et_pb_text][et_pb_text _builder_version=&#8221;4.19.5&#8243; _module_preset=&#8221;default&#8221; text_font_size=&#8221;16px&#8221; hover_enabled=&#8221;0&#8243; global_colors_info=&#8221;{}&#8221; sticky_enabled=&#8221;0&#8243;]<\/p>\n<p>The information contained in this website is for general information purposes only. The information is provided by <span>EASCTC<\/span> and while we endeavor to keep the information up to date and correct, we make no representations or warranties of any kind, express or implied, about the completeness, accuracy, reliability, suitability or availability with respect to the website or the information, products, services, or related graphics contained on the website for any purpose. Any reliance you place on such information is therefore strictly at your own risk.<\/p>\n<p>In no event will we be liable for any loss or damage including without limitation, indirect or consequential loss or damage, or any loss or damage whatsoever arising from loss of data or profits arising out of, or in connection with, the use of this website.<\/p>\n<p>Through this website you are able to link to other websites which are not under the control of <span>EASCTC<\/span>. We have no control over the nature, content and availability of those sites. The inclusion of any links does not necessarily imply a recommendation or endorse the views expressed within them.<\/p>\n<p>Every effort is made to keep the website up and running smoothly. However, <span>EASCTC<\/span> takes no responsibility for, and will not be liable for, the website being temporarily unavailable due to technical issues beyond our control.<\/p>\n<p>[\/et_pb_text][\/et_pb_column][\/et_pb_row][\/et_pb_section]<\/p>\n","protected":false},"excerpt":{"rendered":"<p>DisclaimerThe information contained in this website is for general information purposes only. The information is provided by EASCTC and while we endeavor to keep the information up to date and correct, we make no representations or warranties of any kind, express or implied, about the completeness, accuracy, reliability, suitability or availability with respect to the website or the information, products, services, or related graphics contained on the website for any purpose. Any reliance you place on such information is therefore strictly at your own risk. In no event will we be liable for any loss or damage including without limitation, indirect or consequential loss or damage, or any loss or damage whatsoever arising from loss of data or profits arising out of, or in connection with, the use of this website. Through this website you are able to link to other websites which are not under the control of EASCTC. We have no control over the nature, content and availability of those sites. The inclusion of any links does not necessarily imply a recommendation or endorse the views expressed within them. Every effort is made to keep the website up and running smoothly. However, EASCTC takes no responsibility for, and [&hellip;]<\/p>\n","protected":false},"author":35,"featured_media":0,"parent":0,"menu_order":0,"comment_status":"closed","ping_status":"closed","template":"","meta":{"_acf_changed":false,"_et_pb_use_builder":"on","_et_pb_old_content":"","_et_gb_content_width":"","footnotes":""},"class_list":["post-59213","page","type-page","status-publish","hentry"],"acf":[],"yoast_head":"<!-- This site is optimized with the Yoast SEO plugin v27.2 - https:\/\/yoast.com\/product\/yoast-seo-wordpress\/ -->\n<title>Disclaimer - Eastern Atlantic States Carpenters Technical Center<\/title>\n<meta name=\"robots\" content=\"index, follow, max-snippet:-1, max-image-preview:large, max-video-preview:-1\" \/>\n<link rel=\"canonical\" href=\"https:\/\/dev.eascarpenterstech.edu\/es\/disclaimer\/\" \/>\n<meta property=\"og:locale\" content=\"es_ES\" \/>\n<meta property=\"og:type\" content=\"article\" \/>\n<meta property=\"og:title\" content=\"Disclaimer - Eastern Atlantic States Carpenters Technical Center\" \/>\n<meta property=\"og:url\" content=\"https:\/\/dev.eascarpenterstech.edu\/es\/disclaimer\/\" \/>\n<meta property=\"og:site_name\" content=\"Eastern Atlantic States Carpenters Technical Center\" \/>\n<meta property=\"article:modified_time\" content=\"2023-08-03T02:20:07+00:00\" \/>\n<meta property=\"og:image\" content=\"https:\/\/dev.eascarpenterstech.edu\/wp-content\/uploads\/2022\/07\/YOAST-Facebook-WebshareImage-2.jpg\" \/>\n\t<meta property=\"og:image:width\" content=\"600\" \/>\n\t<meta property=\"og:image:height\" content=\"315\" \/>\n\t<meta property=\"og:image:type\" content=\"image\/jpeg\" \/>\n<meta name=\"twitter:card\" content=\"summary_large_image\" \/>\n<meta name=\"twitter:label1\" content=\"Est. reading time\" \/>\n\t<meta name=\"twitter:data1\" content=\"2 minutos\" \/>\n<script type=\"application\/ld+json\" class=\"yoast-schema-graph\">{\"@context\":\"https:\/\/schema.org\",\"@graph\":[{\"@type\":\"WebPage\",\"@id\":\"https:\/\/dev.eascarpenterstech.edu\/disclaimer\/\",\"url\":\"https:\/\/dev.eascarpenterstech.edu\/disclaimer\/\",\"name\":\"Disclaimer - Eastern Atlantic States Carpenters Technical Center\",\"isPartOf\":{\"@id\":\"https:\/\/dev.eascarpenterstech.edu\/#website\"},\"datePublished\":\"2022-07-19T14:43:02+00:00\",\"dateModified\":\"2023-08-03T02:20:07+00:00\",\"breadcrumb\":{\"@id\":\"https:\/\/dev.eascarpenterstech.edu\/disclaimer\/#breadcrumb\"},\"inLanguage\":\"es\",\"potentialAction\":[{\"@type\":\"ReadAction\",\"target\":[\"https:\/\/dev.eascarpenterstech.edu\/disclaimer\/\"]}]},{\"@type\":\"BreadcrumbList\",\"@id\":\"https:\/\/dev.eascarpenterstech.edu\/disclaimer\/#breadcrumb\",\"itemListElement\":[{\"@type\":\"ListItem\",\"position\":1,\"name\":\"Home\",\"item\":\"https:\/\/dev.eascarpenterstech.edu\/\"},{\"@type\":\"ListItem\",\"position\":2,\"name\":\"Disclaimer\"}]},{\"@type\":\"WebSite\",\"@id\":\"https:\/\/dev.eascarpenterstech.edu\/#website\",\"url\":\"https:\/\/dev.eascarpenterstech.edu\/\",\"name\":\"Eastern Atlantic States Carpenters Technical Centers\",\"description\":\"Training The Best Carpenters in the Northeast Region\",\"publisher\":{\"@id\":\"https:\/\/dev.eascarpenterstech.edu\/#organization\"},\"potentialAction\":[{\"@type\":\"SearchAction\",\"target\":{\"@type\":\"EntryPoint\",\"urlTemplate\":\"https:\/\/dev.eascarpenterstech.edu\/?s={search_term_string}\"},\"query-input\":{\"@type\":\"PropertyValueSpecification\",\"valueRequired\":true,\"valueName\":\"search_term_string\"}}],\"inLanguage\":\"es\"},{\"@type\":\"Organization\",\"@id\":\"https:\/\/dev.eascarpenterstech.edu\/#organization\",\"name\":\"Eastern Atlantic States Carpenters Technical Center\",\"url\":\"https:\/\/dev.eascarpenterstech.edu\/\",\"logo\":{\"@type\":\"ImageObject\",\"inLanguage\":\"es\",\"@id\":\"https:\/\/dev.eascarpenterstech.edu\/#\/schema\/logo\/image\/\",\"url\":\"https:\/\/dev.eascarpenterstech.edu\/wp-content\/uploads\/2022\/07\/YOAST-Facebook-WebshareImage.jpg\",\"contentUrl\":\"https:\/\/dev.eascarpenterstech.edu\/wp-content\/uploads\/2022\/07\/YOAST-Facebook-WebshareImage.jpg\",\"width\":600,\"height\":315,\"caption\":\"Eastern Atlantic States Carpenters Technical Center\"},\"image\":{\"@id\":\"https:\/\/dev.eascarpenterstech.edu\/#\/schema\/logo\/image\/\"}}]}<\/script>\n<!-- \/ Yoast SEO plugin. -->","yoast_head_json":{"title":"Descargo de responsabilidad - Centro T\u00e9cnico de Carpinteros de los Estados del Atl\u00e1ntico Oriental","robots":{"index":"index","follow":"follow","max-snippet":"max-snippet:-1","max-image-preview":"max-image-preview:large","max-video-preview":"max-video-preview:-1"},"canonical":"https:\/\/dev.eascarpenterstech.edu\/es\/disclaimer\/","og_locale":"es_ES","og_type":"article","og_title":"Disclaimer - Eastern Atlantic States Carpenters Technical Center","og_url":"https:\/\/dev.eascarpenterstech.edu\/es\/disclaimer\/","og_site_name":"Eastern Atlantic States Carpenters Technical Center","article_modified_time":"2023-08-03T02:20:07+00:00","og_image":[{"width":600,"height":315,"url":"https:\/\/dev.eascarpenterstech.edu\/wp-content\/uploads\/2022\/07\/YOAST-Facebook-WebshareImage-2.jpg","type":"image\/jpeg"}],"twitter_card":"summary_large_image","twitter_misc":{"Est. reading time":"2 minutos"},"schema":{"@context":"https:\/\/schema.org","@graph":[{"@type":"WebPage","@id":"https:\/\/dev.eascarpenterstech.edu\/disclaimer\/","url":"https:\/\/dev.eascarpenterstech.edu\/disclaimer\/","name":"Descargo de responsabilidad - Centro T\u00e9cnico de Carpinteros de los Estados del Atl\u00e1ntico Oriental","isPartOf":{"@id":"https:\/\/dev.eascarpenterstech.edu\/#website"},"datePublished":"2022-07-19T14:43:02+00:00","dateModified":"2023-08-03T02:20:07+00:00","breadcrumb":{"@id":"https:\/\/dev.eascarpenterstech.edu\/disclaimer\/#breadcrumb"},"inLanguage":"es","potentialAction":[{"@type":"ReadAction","target":["https:\/\/dev.eascarpenterstech.edu\/disclaimer\/"]}]},{"@type":"BreadcrumbList","@id":"https:\/\/dev.eascarpenterstech.edu\/disclaimer\/#breadcrumb","itemListElement":[{"@type":"ListItem","position":1,"name":"Home","item":"https:\/\/dev.eascarpenterstech.edu\/"},{"@type":"ListItem","position":2,"name":"Disclaimer"}]},{"@type":"WebSite","@id":"https:\/\/dev.eascarpenterstech.edu\/#website","url":"https:\/\/dev.eascarpenterstech.edu\/","name":"Centros t\u00e9cnicos de carpinteros de los estados del Atl\u00e1ntico oriental","description":"Capacitando a los mejores carpinteros de la regi\u00f3n Nordeste","publisher":{"@id":"https:\/\/dev.eascarpenterstech.edu\/#organization"},"potentialAction":[{"@type":"SearchAction","target":{"@type":"EntryPoint","urlTemplate":"https:\/\/dev.eascarpenterstech.edu\/?s={search_term_string}"},"query-input":{"@type":"PropertyValueSpecification","valueRequired":true,"valueName":"search_term_string"}}],"inLanguage":"es"},{"@type":"Organization","@id":"https:\/\/dev.eascarpenterstech.edu\/#organization","name":"Centro t\u00e9cnico de carpinteros de los estados del Atl\u00e1ntico oriental","url":"https:\/\/dev.eascarpenterstech.edu\/","logo":{"@type":"ImageObject","inLanguage":"es","@id":"https:\/\/dev.eascarpenterstech.edu\/#\/schema\/logo\/image\/","url":"https:\/\/dev.eascarpenterstech.edu\/wp-content\/uploads\/2022\/07\/YOAST-Facebook-WebshareImage.jpg","contentUrl":"https:\/\/dev.eascarpenterstech.edu\/wp-content\/uploads\/2022\/07\/YOAST-Facebook-WebshareImage.jpg","width":600,"height":315,"caption":"Eastern Atlantic States Carpenters Technical Center"},"image":{"@id":"https:\/\/dev.eascarpenterstech.edu\/#\/schema\/logo\/image\/"}}]}},"publishpress_future_action":{"enabled":false,"date":"2026-05-18 15:19:05","action":"change-status","newStatus":"draft","terms":[],"taxonomy":"","extraData":[]},"publishpress_future_workflow_manual_trigger":{"enabledWorkflows":[]},"_links":{"self":[{"href":"https:\/\/dev.eascarpenterstech.edu\/es\/wp-json\/wp\/v2\/pages\/59213","targetHints":{"allow":["GET"]}}],"collection":[{"href":"https:\/\/dev.eascarpenterstech.edu\/es\/wp-json\/wp\/v2\/pages"}],"about":[{"href":"https:\/\/dev.eascarpenterstech.edu\/es\/wp-json\/wp\/v2\/types\/page"}],"author":[{"embeddable":true,"href":"https:\/\/dev.eascarpenterstech.edu\/es\/wp-json\/wp\/v2\/users\/35"}],"replies":[{"embeddable":true,"href":"https:\/\/dev.eascarpenterstech.edu\/es\/wp-json\/wp\/v2\/comments?post=59213"}],"version-history":[{"count":7,"href":"https:\/\/dev.eascarpenterstech.edu\/es\/wp-json\/wp\/v2\/pages\/59213\/revisions"}],"predecessor-version":[{"id":235564,"href":"https:\/\/dev.eascarpenterstech.edu\/es\/wp-json\/wp\/v2\/pages\/59213\/revisions\/235564"}],"wp:attachment":[{"href":"https:\/\/dev.eascarpenterstech.edu\/es\/wp-json\/wp\/v2\/media?parent=59213"}],"curies":[{"name":"gracias","href":"https:\/\/api.w.org\/{rel}","templated":true}]}}